{"id":1058,"date":"2021-07-26T17:21:06","date_gmt":"2021-07-26T17:21:06","guid":{"rendered":"http:\/\/www.asselsilicones.com.br\/?page_id=1058"},"modified":"2021-07-27T14:57:30","modified_gmt":"2021-07-27T14:57:30","slug":"borracha-a-2000-ht-vermelha","status":"publish","type":"page","link":"http:\/\/www.asselsilicones.com.br\/?page_id=1058","title":{"rendered":"Borracha A-2000 HT Vermelha"},"content":{"rendered":"\t\t<div data-elementor-type=\"wp-post\" data-elementor-id=\"1058\" class=\"elementor elementor-1058\" data-elementor-settings=\"[]\">\n\t\t\t\t\t\t<div class=\"elementor-inner\">\n\t\t\t\t\t\t\t<div class=\"elementor-section-wrap\">\n\t\t\t\t\t\t\t<section class=\"elementor-section elementor-top-section elementor-element elementor-element-dace8e1 elementor-section-height-min-height elementor-section-full_width elementor-section-height-default elementor-section-items-middle\" data-id=\"dace8e1\" data-element_type=\"section\" data-settings=\"{&quot;background_background&quot;:&quot;gradient&quot;}\">\n\t\t\t\t\t\t\t<div class=\"elementor-background-overlay\"><\/div>\n\t\t\t\t\t\t\t<div class=\"elementor-container elementor-column-gap-default\">\n\t\t\t\t\t\t\t<div class=\"elementor-row\">\n\t\t\t\t\t<div class=\"elementor-column elementor-col-100 elementor-top-column elementor-element elementor-element-1cb4d4f\" data-id=\"1cb4d4f\" data-element_type=\"column\">\n\t\t\t<div class=\"elementor-column-wrap\">\n\t\t\t\t\t\t\t<div class=\"elementor-widget-wrap\">\n\t\t\t\t\t\t\t\t<\/div>\n\t\t\t\t\t<\/div>\n\t\t<\/div>\n\t\t\t\t\t\t\t\t<\/div>\n\t\t\t\t\t<\/div>\n\t\t<\/section>\n\t\t\t\t<section class=\"elementor-section elementor-top-section elementor-element elementor-element-1e0263d4 elementor-section-content-middle elementor-section-boxed elementor-section-height-default elementor-section-height-default\" data-id=\"1e0263d4\" data-element_type=\"section\">\n\t\t\t\t\t\t<div class=\"elementor-container elementor-column-gap-no\">\n\t\t\t\t\t\t\t<div class=\"elementor-row\">\n\t\t\t\t\t<div class=\"elementor-column elementor-col-50 elementor-top-column elementor-element elementor-element-6c3ee88a\" data-id=\"6c3ee88a\" data-element_type=\"column\">\n\t\t\t<div class=\"elementor-column-wrap elementor-element-populated\">\n\t\t\t\t\t\t\t<div class=\"elementor-widget-wrap\">\n\t\t\t\t\t\t<div class=\"elementor-element elementor-element-233d9d0d elementor-widget elementor-widget-image\" data-id=\"233d9d0d\" data-element_type=\"widget\" data-widget_type=\"image.default\">\n\t\t\t\t<div class=\"elementor-widget-container\">\n\t\t\t\t\t<div class=\"elementor-image\">\n\t\t\t\t\t\t\t\t\t\t<img width=\"540\" height=\"360\" src=\"http:\/\/www.asselsilicones.com.br\/wp-content\/uploads\/2021\/07\/540x360-foto.png\" class=\"attachment-full size-full\" alt=\"\" loading=\"lazy\" srcset=\"http:\/\/www.asselsilicones.com.br\/wp-content\/uploads\/2021\/07\/540x360-foto.png 540w, http:\/\/www.asselsilicones.com.br\/wp-content\/uploads\/2021\/07\/540x360-foto-300x200.png 300w\" sizes=\"(max-width: 540px) 100vw, 540px\" \/>\t\t\t\t\t\t\t\t\t\t\t<\/div>\n\t\t\t\t<\/div>\n\t\t\t\t<\/div>\n\t\t\t\t\t\t<\/div>\n\t\t\t\t\t<\/div>\n\t\t<\/div>\n\t\t\t\t<div class=\"elementor-column elementor-col-50 elementor-top-column elementor-element elementor-element-68ccbb1f\" data-id=\"68ccbb1f\" data-element_type=\"column\">\n\t\t\t<div class=\"elementor-column-wrap elementor-element-populated\">\n\t\t\t\t\t\t\t<div class=\"elementor-widget-wrap\">\n\t\t\t\t\t\t<div class=\"elementor-element elementor-element-6a2dacd elementor-widget elementor-widget-heading\" data-id=\"6a2dacd\" data-element_type=\"widget\" data-widget_type=\"heading.default\">\n\t\t\t\t<div class=\"elementor-widget-container\">\n\t\t\t<h3 class=\"elementor-heading-title elementor-size-default\">Borracha A-2000 HT Vermelha <\/h3>\t\t<\/div>\n\t\t\t\t<\/div>\n\t\t\t\t<div class=\"elementor-element elementor-element-57742625 elementor-view-default elementor-vertical-align-top elementor-widget elementor-widget-icon-box\" data-id=\"57742625\" data-element_type=\"widget\" data-widget_type=\"icon-box.default\">\n\t\t\t\t<div class=\"elementor-widget-container\">\n\t\t\t\t\t<div class=\"elementor-icon-box-wrapper\">\n\t\t\t\t\t\t<div class=\"elementor-icon-box-content\">\n\t\t\t\t<h3 class=\"elementor-icon-box-title\">\n\t\t\t\t\t<span >Caracter\u00edsticas:<\/span>\n\t\t\t\t<\/h3>\n\t\t\t\t\t\t\t\t<p class=\"elementor-icon-box-description\">Dimetilsiloxano vermelho ocre, com boa resist\u00eancia t\u00e9rmica e propriedades diel\u00e9tricas caracter\u00edsticas, indicadas para encapsulamento de motores e componentes el\u00e9tricos, e resistente a sistemas expostos \u00e0 elevada temperatura.\n\n<\/p>\n\t\t\t\t\t\t\t<\/div>\n\t\t<\/div>\n\t\t\t\t<\/div>\n\t\t\t\t<\/div>\n\t\t\t\t<div class=\"elementor-element elementor-element-6a2b6f9 elementor-view-default elementor-vertical-align-top elementor-widget elementor-widget-icon-box\" data-id=\"6a2b6f9\" data-element_type=\"widget\" data-widget_type=\"icon-box.default\">\n\t\t\t\t<div class=\"elementor-widget-container\">\n\t\t\t\t\t<div class=\"elementor-icon-box-wrapper\">\n\t\t\t\t\t\t<div class=\"elementor-icon-box-content\">\n\t\t\t\t<h3 class=\"elementor-icon-box-title\">\n\t\t\t\t\t<span >Vida \u00fatil:<\/span>\n\t\t\t\t<\/h3>\n\t\t\t\t\t\t\t\t<p class=\"elementor-icon-box-description\">12 meses.\n\n<\/p>\n\t\t\t\t\t\t\t<\/div>\n\t\t<\/div>\n\t\t\t\t<\/div>\n\t\t\t\t<\/div>\n\t\t\t\t<div class=\"elementor-element elementor-element-22934d1 elementor-view-default elementor-vertical-align-top elementor-widget elementor-widget-icon-box\" data-id=\"22934d1\" data-element_type=\"widget\" data-widget_type=\"icon-box.default\">\n\t\t\t\t<div class=\"elementor-widget-container\">\n\t\t\t\t\t<div class=\"elementor-icon-box-wrapper\">\n\t\t\t\t\t\t<div class=\"elementor-icon-box-content\">\n\t\t\t\t<h3 class=\"elementor-icon-box-title\">\n\t\t\t\t\t<span >Limpeza:<\/span>\n\t\t\t\t<\/h3>\n\t\t\t\t\t\t\t\t<p class=\"elementor-icon-box-description\">A Borracha A-2000 HT ainda em fase de vulcaniza\u00e7\u00e3o pode ser dissolvido em solventes org\u00e2nicos. O mesmo recurso pode ser usado na limpeza dos equipamentos envolvidos em seu manuseio e processamento.\n\nA Borracha A-2000 HT deve ser armazenado em recipiente fechado e em local fresco e arejado.\n\n<\/p>\n\t\t\t\t\t\t\t<\/div>\n\t\t<\/div>\n\t\t\t\t<\/div>\n\t\t\t\t<\/div>\n\t\t\t\t\t\t<\/div>\n\t\t\t\t\t<\/div>\n\t\t<\/div>\n\t\t\t\t\t\t\t\t<\/div>\n\t\t\t\t\t<\/div>\n\t\t<\/section>\n\t\t\t\t<section class=\"elementor-section elementor-top-section elementor-element elementor-element-beade40 elementor-section-content-middle elementor-section-boxed elementor-section-height-default elementor-section-height-default\" data-id=\"beade40\" data-element_type=\"section\" data-settings=\"{&quot;background_background&quot;:&quot;classic&quot;}\">\n\t\t\t\t\t\t<div class=\"elementor-container elementor-column-gap-no\">\n\t\t\t\t\t\t\t<div class=\"elementor-row\">\n\t\t\t\t\t<div class=\"elementor-column elementor-col-100 elementor-top-column elementor-element elementor-element-1e0fe83\" data-id=\"1e0fe83\" data-element_type=\"column\" data-settings=\"{&quot;background_background&quot;:&quot;classic&quot;}\">\n\t\t\t<div class=\"elementor-column-wrap elementor-element-populated\">\n\t\t\t\t\t\t\t<div class=\"elementor-widget-wrap\">\n\t\t\t\t\t\t<div class=\"elementor-element elementor-element-2b42a9b elementor-widget elementor-widget-heading\" data-id=\"2b42a9b\" data-element_type=\"widget\" data-widget_type=\"heading.default\">\n\t\t\t\t<div class=\"elementor-widget-container\">\n\t\t\t<h3 class=\"elementor-heading-title elementor-size-default\">Propriedades:\n<\/h3>\t\t<\/div>\n\t\t\t\t<\/div>\n\t\t\t\t<div class=\"elementor-element elementor-element-ee1792d elementor-widget elementor-widget-text-editor\" data-id=\"ee1792d\" data-element_type=\"widget\" data-widget_type=\"text-editor.default\">\n\t\t\t\t<div class=\"elementor-widget-container\">\n\t\t\t\t\t<div class=\"elementor-text-editor elementor-clearfix\"><ul><li><strong>Apar\u00eancia (MFJ\/01):\u00a0<\/strong>Massa fluida, vermelha ocre (n\u00e3o vulcanizado);<\/li><li><strong>Viscosidade (MFJ\/02) cps:<\/strong>\u00a07.000 \u2013 8.000 (n\u00e3o vulcanizado);<\/li><li><strong>Dureza (MFJ\/19) Shore A:<\/strong>\u00a040 \u2013 55;<\/li><li><strong>Peso Espec\u00edfico (MFJ\/07):<\/strong>\u00a01,20 \u2013 1,25;<\/li><li><strong>Tempo de desmoldagem com 5 % Catalisador T (MFJ\/28) hs:\u00a0<\/strong>6 &#8211; 7;<\/li><li><strong>Condutividade t\u00e9rmica a 70\u00b0C (W\/km):\u00a0<\/strong>0,30;<\/li><li><strong>Constante diel\u00e9trica \u00e0 temperatura ambiente na faixa de 50 Hz a 5 MHz (DIN 52483):<\/strong>\u00a03,3;<\/li><li><strong>Fator de dissipa\u00e7\u00e3o \u00e0 temperatura ambiente a 50 Hz (DIN 52483):<\/strong>\u00a0230 x 10<sup>-4<\/sup>;<\/li><li><strong>Indicado para aplica\u00e7\u00f5es sob temperatura de:<\/strong>\u00a0-20\u00ba at\u00e9 450\u00baC;<\/li><\/ul><\/div>\n\t\t\t\t<\/div>\n\t\t\t\t<\/div>\n\t\t\t\t<div class=\"elementor-element elementor-element-0d6f262 elementor-widget elementor-widget-heading\" data-id=\"0d6f262\" data-element_type=\"widget\" data-widget_type=\"heading.default\">\n\t\t\t\t<div class=\"elementor-widget-container\">\n\t\t\t<h3 class=\"elementor-heading-title elementor-size-default\">Aplica\u00e7\u00f5es:\n\n<\/h3>\t\t<\/div>\n\t\t\t\t<\/div>\n\t\t\t\t<div class=\"elementor-element elementor-element-f972f6e elementor-widget elementor-widget-text-editor\" data-id=\"f972f6e\" data-element_type=\"widget\" data-widget_type=\"text-editor.default\">\n\t\t\t\t<div class=\"elementor-widget-container\">\n\t\t\t\t\t<div class=\"elementor-text-editor elementor-clearfix\"><p>Os moldes ou membranas de reprodu\u00e7\u00e3o realizadas com RTV A-2000 servem para a fabrica\u00e7\u00e3o em s\u00e9rie de pe\u00e7as em poliester formulado, em gesso, em cimento natural ou sint\u00e9tico (pedra reconstru\u00edda). Os campos de aplica\u00e7\u00e3o do RTV A-2000 s\u00e3o:<\/p><p><strong>Borracha A-2000 HT<\/strong>\u00a0\u00e9 um adesivo de dimetilsiloxano que reticula por policondensa\u00e7\u00e3o na presen\u00e7a de seu catalisador, originando um vulcanizado que reproduz fielmente a forma do modelo.<\/p><p><strong>Borracha A-2000 HT<\/strong>\u00a0na fase inicial de reticula\u00e7\u00e3o apresenta uma fluidez que lhe permite a reprodu\u00e7\u00e3o de detalhes de superf\u00edcies, assim como o preenchimento de cavidades.<\/p><p>Em fun\u00e7\u00e3o de sua boa resist\u00eancia t\u00e9rmica aliada \u00e0s propriedades diel\u00e9tricas carcter\u00edsticas,\u00a0<strong>Borracha A-2000 HT<\/strong>\u00a0\u00e9 recomendada para a ind\u00fastria eletro-eletr\u00f4nica como encapsulador de componentes el\u00e9tricos ou eletr\u00f4nicos, para a confec\u00e7\u00e3o de juntas de veda\u00e7\u00e3o no local, inclusive, quando estes durante o funcionamento liberam calor. A condutividade t\u00e9rmica desta borracha garante a dissipa\u00e7\u00e3o do calor gerado.<\/p><p>Quando vulcanizada, a\u00a0<strong>Borracha A-2000 HT<\/strong>\u00a0apresenta boa resist\u00eancia t\u00e9rmica e alta dureza.<\/p><p>Estas caracter\u00edsticas permitem sua utiliza\u00e7\u00e3o na prepara\u00e7\u00e3o de moldes para a confec\u00e7\u00e3o de pe\u00e7as \u00e0 base de resinas sint\u00e9ticas ou a base de metais ou ligas com baixo ponto de fus\u00e3o.<\/p><p>Moldes da\u00a0<strong>Borracha A-2000 HT<\/strong>\u00a0n\u00e3o devem ser utilizados imediatamente ap\u00f3s sua cura. \u00c9 necess\u00e1rio um per\u00edodo de p\u00f3s-cura de 24 hs, \u00e0 temperatura ambiente, para que ele atinja o m\u00e1ximo de suas propriedades mec\u00e2nicas e desta forma, se garanta o maior n\u00famero poss\u00edvel de desmoldagens a partir de cada molde.<\/p><\/div>\n\t\t\t\t<\/div>\n\t\t\t\t<\/div>\n\t\t\t\t<div class=\"elementor-element elementor-element-8d8bd10 elementor-widget elementor-widget-heading\" data-id=\"8d8bd10\" data-element_type=\"widget\" data-widget_type=\"heading.default\">\n\t\t\t\t<div class=\"elementor-widget-container\">\n\t\t\t<h3 class=\"elementor-heading-title elementor-size-default\">Catalisa\u00e7\u00e3o:\n\n<\/h3>\t\t<\/div>\n\t\t\t\t<\/div>\n\t\t\t\t<div class=\"elementor-element elementor-element-702f698 elementor-widget elementor-widget-text-editor\" data-id=\"702f698\" data-element_type=\"widget\" data-widget_type=\"text-editor.default\">\n\t\t\t\t<div class=\"elementor-widget-container\">\n\t\t\t\t\t<div class=\"elementor-text-editor elementor-clearfix\"><p>Para a catalisa\u00e7\u00e3o da\u00a0<strong>Borracha A-2000 HT<\/strong>\u00a0pode-se utilizar Catalisador. A dosagem e o tipo de catalisador dependem do tempo de elabora\u00e7\u00e3o desejado e das condi\u00e7\u00f5es de processo exigidas, sendo sugerido de in\u00edcio dosagens de 5 % em peso de catalisador.<\/p><p>Tempo de Elabora\u00e7\u00e3o \u00e9 o tempo que a borracha leva para atingir a viscosidade de 100.000 cps a partir do momento da mistura.<\/p><p>Para obter-se perfeita reticula\u00e7\u00e3o e cura, o catalisador deve ser muito bem homogeneizado na massa, usando-se de prefer\u00eancia um misturador mec\u00e2nico. Para se evitar a presen\u00e7a de bolhas de ar no interior da borracha vulcanizada recomenda-se a aplica\u00e7\u00e3o de v\u00e1cuo logo ap\u00f3s \u00e0 mistura.<\/p><\/div>\n\t\t\t\t<\/div>\n\t\t\t\t<\/div>\n\t\t\t\t\t\t<\/div>\n\t\t\t\t\t<\/div>\n\t\t<\/div>\n\t\t\t\t\t\t\t\t<\/div>\n\t\t\t\t\t<\/div>\n\t\t<\/section>\n\t\t\t\t<section class=\"elementor-section elementor-top-section elementor-element elementor-element-1f6f4ae elementor-section-boxed elementor-section-height-default elementor-section-height-default\" data-id=\"1f6f4ae\" data-element_type=\"section\" data-settings=\"{&quot;background_background&quot;:&quot;gradient&quot;,&quot;shape_divider_bottom&quot;:&quot;arrow&quot;,&quot;shape_divider_bottom_negative&quot;:&quot;yes&quot;}\">\n\t\t\t\t\t<div class=\"elementor-shape elementor-shape-bottom\" data-negative=\"true\">\n\t\t\t<svg xmlns=\"http:\/\/www.w3.org\/2000\/svg\" viewBox=\"0 0 700 10\" preserveAspectRatio=\"none\">\n\t<path class=\"elementor-shape-fill\" d=\"M360 0L350 9.9 340 0 0 0 0 10 700 10 700 0\"\/>\n<\/svg>\t\t<\/div>\n\t\t\t\t\t<div class=\"elementor-container elementor-column-gap-default\">\n\t\t\t\t\t\t\t<div class=\"elementor-row\">\n\t\t\t\t\t<div class=\"elementor-column elementor-col-100 elementor-top-column elementor-element elementor-element-5fa8b97\" data-id=\"5fa8b97\" data-element_type=\"column\">\n\t\t\t<div class=\"elementor-column-wrap elementor-element-populated\">\n\t\t\t\t\t\t\t<div class=\"elementor-widget-wrap\">\n\t\t\t\t\t\t<div class=\"elementor-element elementor-element-c7ea968 elementor-widget elementor-widget-heading\" data-id=\"c7ea968\" data-element_type=\"widget\" data-widget_type=\"heading.default\">\n\t\t\t\t<div class=\"elementor-widget-container\">\n\t\t\t<h2 class=\"elementor-heading-title elementor-size-default\">Garantia de Qualidade<\/h2>\t\t<\/div>\n\t\t\t\t<\/div>\n\t\t\t\t\t\t<\/div>\n\t\t\t\t\t<\/div>\n\t\t<\/div>\n\t\t\t\t\t\t\t\t<\/div>\n\t\t\t\t\t<\/div>\n\t\t<\/section>\n\t\t\t\t\t\t<\/div>\n\t\t\t\t\t\t<\/div>\n\t\t\t\t\t<\/div>\n\t\t","protected":false},"excerpt":{"rendered":"<p>Borracha A-2000 HT Vermelha Caracter\u00edsticas: Dimetilsiloxano vermelho ocre, com boa resist\u00eancia t\u00e9rmica e propriedades diel\u00e9tricas caracter\u00edsticas, indicadas para encapsulamento de motores e componentes el\u00e9tricos, e resistente a sistemas expostos \u00e0 elevada temperatura. Vida \u00fatil: 12 meses. Limpeza: A Borracha A-2000 HT ainda em fase de vulcaniza\u00e7\u00e3o pode ser dissolvido em<\/p>\n","protected":false},"author":1,"featured_media":0,"parent":0,"menu_order":0,"comment_status":"closed","ping_status":"closed","template":"elementor_header_footer","meta":[],"_links":{"self":[{"href":"http:\/\/www.asselsilicones.com.br\/index.php?rest_route=\/wp\/v2\/pages\/1058"}],"collection":[{"href":"http:\/\/www.asselsilicones.com.br\/index.php?rest_route=\/wp\/v2\/pages"}],"about":[{"href":"http:\/\/www.asselsilicones.com.br\/index.php?rest_route=\/wp\/v2\/types\/page"}],"author":[{"embeddable":true,"href":"http:\/\/www.asselsilicones.com.br\/index.php?rest_route=\/wp\/v2\/users\/1"}],"replies":[{"embeddable":true,"href":"http:\/\/www.asselsilicones.com.br\/index.php?rest_route=%2Fwp%2Fv2%2Fcomments&post=1058"}],"version-history":[{"count":19,"href":"http:\/\/www.asselsilicones.com.br\/index.php?rest_route=\/wp\/v2\/pages\/1058\/revisions"}],"predecessor-version":[{"id":1421,"href":"http:\/\/www.asselsilicones.com.br\/index.php?rest_route=\/wp\/v2\/pages\/1058\/revisions\/1421"}],"wp:attachment":[{"href":"http:\/\/www.asselsilicones.com.br\/index.php?rest_route=%2Fwp%2Fv2%2Fmedia&parent=1058"}],"curies":[{"name":"wp","href":"https:\/\/api.w.org\/{rel}","templated":true}]}}