{"id":758,"date":"2021-07-22T12:21:01","date_gmt":"2021-07-22T12:21:01","guid":{"rendered":"http:\/\/www.asselsilicones.com.br\/?page_id=758"},"modified":"2021-07-27T17:10:46","modified_gmt":"2021-07-27T17:10:46","slug":"silicone-spray","status":"publish","type":"page","link":"http:\/\/www.asselsilicones.com.br\/?page_id=758","title":{"rendered":"Silicone Spray"},"content":{"rendered":"\t\t<div data-elementor-type=\"wp-post\" data-elementor-id=\"758\" class=\"elementor elementor-758\" data-elementor-settings=\"[]\">\n\t\t\t\t\t\t<div class=\"elementor-inner\">\n\t\t\t\t\t\t\t<div class=\"elementor-section-wrap\">\n\t\t\t\t\t\t\t<section class=\"elementor-section elementor-top-section elementor-element elementor-element-dace8e1 elementor-section-height-min-height elementor-section-full_width elementor-section-height-default elementor-section-items-middle\" data-id=\"dace8e1\" data-element_type=\"section\" data-settings=\"{&quot;background_background&quot;:&quot;gradient&quot;}\">\n\t\t\t\t\t\t\t<div class=\"elementor-background-overlay\"><\/div>\n\t\t\t\t\t\t\t<div class=\"elementor-container elementor-column-gap-default\">\n\t\t\t\t\t\t\t<div class=\"elementor-row\">\n\t\t\t\t\t<div class=\"elementor-column elementor-col-100 elementor-top-column elementor-element elementor-element-1cb4d4f\" data-id=\"1cb4d4f\" data-element_type=\"column\">\n\t\t\t<div class=\"elementor-column-wrap\">\n\t\t\t\t\t\t\t<div class=\"elementor-widget-wrap\">\n\t\t\t\t\t\t\t\t<\/div>\n\t\t\t\t\t<\/div>\n\t\t<\/div>\n\t\t\t\t\t\t\t\t<\/div>\n\t\t\t\t\t<\/div>\n\t\t<\/section>\n\t\t\t\t<section class=\"elementor-section elementor-top-section elementor-element elementor-element-1e0263d4 elementor-section-content-middle elementor-section-boxed elementor-section-height-default elementor-section-height-default\" data-id=\"1e0263d4\" data-element_type=\"section\">\n\t\t\t\t\t\t<div class=\"elementor-container elementor-column-gap-no\">\n\t\t\t\t\t\t\t<div class=\"elementor-row\">\n\t\t\t\t\t<div class=\"elementor-column elementor-col-50 elementor-top-column elementor-element elementor-element-6c3ee88a\" data-id=\"6c3ee88a\" data-element_type=\"column\">\n\t\t\t<div class=\"elementor-column-wrap elementor-element-populated\">\n\t\t\t\t\t\t\t<div class=\"elementor-widget-wrap\">\n\t\t\t\t\t\t<div class=\"elementor-element elementor-element-233d9d0d elementor-widget elementor-widget-image\" data-id=\"233d9d0d\" data-element_type=\"widget\" data-widget_type=\"image.default\">\n\t\t\t\t<div class=\"elementor-widget-container\">\n\t\t\t\t\t<div class=\"elementor-image\">\n\t\t\t\t\t\t\t\t\t\t<img width=\"540\" height=\"360\" src=\"http:\/\/www.asselsilicones.com.br\/wp-content\/uploads\/2021\/01\/540x360-spray.png\" class=\"attachment-full size-full\" alt=\"\" loading=\"lazy\" srcset=\"http:\/\/www.asselsilicones.com.br\/wp-content\/uploads\/2021\/01\/540x360-spray.png 540w, http:\/\/www.asselsilicones.com.br\/wp-content\/uploads\/2021\/01\/540x360-spray-300x200.png 300w\" sizes=\"(max-width: 540px) 100vw, 540px\" \/>\t\t\t\t\t\t\t\t\t\t\t<\/div>\n\t\t\t\t<\/div>\n\t\t\t\t<\/div>\n\t\t\t\t\t\t<\/div>\n\t\t\t\t\t<\/div>\n\t\t<\/div>\n\t\t\t\t<div class=\"elementor-column elementor-col-50 elementor-top-column elementor-element elementor-element-68ccbb1f\" data-id=\"68ccbb1f\" data-element_type=\"column\">\n\t\t\t<div class=\"elementor-column-wrap elementor-element-populated\">\n\t\t\t\t\t\t\t<div class=\"elementor-widget-wrap\">\n\t\t\t\t\t\t<div class=\"elementor-element elementor-element-6a2dacd elementor-widget elementor-widget-heading\" data-id=\"6a2dacd\" data-element_type=\"widget\" data-widget_type=\"heading.default\">\n\t\t\t\t<div class=\"elementor-widget-container\">\n\t\t\t<h3 class=\"elementor-heading-title elementor-size-default\">Silicone Spray<\/h3>\t\t<\/div>\n\t\t\t\t<\/div>\n\t\t\t\t<div class=\"elementor-element elementor-element-57742625 elementor-vertical-align-middle elementor-view-default elementor-widget elementor-widget-icon-box\" data-id=\"57742625\" data-element_type=\"widget\" data-widget_type=\"icon-box.default\">\n\t\t\t\t<div class=\"elementor-widget-container\">\n\t\t\t\t\t<div class=\"elementor-icon-box-wrapper\">\n\t\t\t\t\t\t<div class=\"elementor-icon-box-content\">\n\t\t\t\t<h3 class=\"elementor-icon-box-title\">\n\t\t\t\t\t<span >Composi\u00e7\u00e3o:<\/span>\n\t\t\t\t<\/h3>\n\t\t\t\t\t\t\t\t<p class=\"elementor-icon-box-description\">Dimetilsiloxana, e propelente butano\/propano.\n\n<\/p>\n\t\t\t\t\t\t\t<\/div>\n\t\t<\/div>\n\t\t\t\t<\/div>\n\t\t\t\t<\/div>\n\t\t\t\t<div class=\"elementor-element elementor-element-6a2b6f9 elementor-vertical-align-middle elementor-view-default elementor-widget elementor-widget-icon-box\" data-id=\"6a2b6f9\" data-element_type=\"widget\" data-widget_type=\"icon-box.default\">\n\t\t\t\t<div class=\"elementor-widget-container\">\n\t\t\t\t\t<div class=\"elementor-icon-box-wrapper\">\n\t\t\t\t\t\t<div class=\"elementor-icon-box-content\">\n\t\t\t\t<h3 class=\"elementor-icon-box-title\">\n\t\t\t\t\t<span >Embalagens:<\/span>\n\t\t\t\t<\/h3>\n\t\t\t\t\t\t\t\t<p class=\"elementor-icon-box-description\">Frasco com 440ml. 220 g. acondicionados em caixa com 12 unidades.\n\n<\/p>\n\t\t\t\t\t\t\t<\/div>\n\t\t<\/div>\n\t\t\t\t<\/div>\n\t\t\t\t<\/div>\n\t\t\t\t<div class=\"elementor-element elementor-element-22934d1 elementor-vertical-align-middle elementor-view-default elementor-widget elementor-widget-icon-box\" data-id=\"22934d1\" data-element_type=\"widget\" data-widget_type=\"icon-box.default\">\n\t\t\t\t<div class=\"elementor-widget-container\">\n\t\t\t\t\t<div class=\"elementor-icon-box-wrapper\">\n\t\t\t\t\t\t<div class=\"elementor-icon-box-content\">\n\t\t\t\t<h3 class=\"elementor-icon-box-title\">\n\t\t\t\t\t<span >Propriedades especiais:<\/span>\n\t\t\t\t<\/h3>\n\t\t\t\t\t\t\t\t<p class=\"elementor-icon-box-description\">Desmoldante, lubrificante, prote\u00e7\u00e3o anti-oxidante.\n\n\n\n<\/p>\n\t\t\t\t\t\t\t<\/div>\n\t\t<\/div>\n\t\t\t\t<\/div>\n\t\t\t\t<\/div>\n\t\t\t\t<div class=\"elementor-element elementor-element-96af474 elementor-vertical-align-middle elementor-view-default elementor-widget elementor-widget-icon-box\" data-id=\"96af474\" data-element_type=\"widget\" data-widget_type=\"icon-box.default\">\n\t\t\t\t<div class=\"elementor-widget-container\">\n\t\t\t\t\t<div class=\"elementor-icon-box-wrapper\">\n\t\t\t\t\t\t<div class=\"elementor-icon-box-content\">\n\t\t\t\t<h3 class=\"elementor-icon-box-title\">\n\t\t\t\t\t<span >Nome comercial:<\/span>\n\t\t\t\t<\/h3>\n\t\t\t\t\t\t\t\t<p class=\"elementor-icon-box-description\">Silicone Spray Assel.\n\n\n\n\n\n\n\n<\/p>\n\t\t\t\t\t\t\t<\/div>\n\t\t<\/div>\n\t\t\t\t<\/div>\n\t\t\t\t<\/div>\n\t\t\t\t<div class=\"elementor-element elementor-element-f371f4e elementor-vertical-align-middle elementor-view-default elementor-widget elementor-widget-icon-box\" data-id=\"f371f4e\" data-element_type=\"widget\" data-widget_type=\"icon-box.default\">\n\t\t\t\t<div class=\"elementor-widget-container\">\n\t\t\t\t\t<div class=\"elementor-icon-box-wrapper\">\n\t\t\t\t\t\t<div class=\"elementor-icon-box-content\">\n\t\t\t\t<h3 class=\"elementor-icon-box-title\">\n\t\t\t\t\t<span >Meio Ambiente:<\/span>\n\t\t\t\t<\/h3>\n\t\t\t\t\t\t\t\t<p class=\"elementor-icon-box-description\">PRODUTO INOFENSIVO A CAMADA DE OZ\u00d4NIO. N\u00c3O CONT\u00c9M CFC. As embalagens podem ser recicladas.\n\n<\/p>\n\t\t\t\t\t\t\t<\/div>\n\t\t<\/div>\n\t\t\t\t<\/div>\n\t\t\t\t<\/div>\n\t\t\t\t\t\t<\/div>\n\t\t\t\t\t<\/div>\n\t\t<\/div>\n\t\t\t\t\t\t\t\t<\/div>\n\t\t\t\t\t<\/div>\n\t\t<\/section>\n\t\t\t\t<section class=\"elementor-section elementor-top-section elementor-element elementor-element-beade40 elementor-section-content-middle elementor-section-boxed elementor-section-height-default elementor-section-height-default\" data-id=\"beade40\" data-element_type=\"section\" data-settings=\"{&quot;background_background&quot;:&quot;classic&quot;}\">\n\t\t\t\t\t\t<div class=\"elementor-container elementor-column-gap-no\">\n\t\t\t\t\t\t\t<div class=\"elementor-row\">\n\t\t\t\t\t<div class=\"elementor-column elementor-col-100 elementor-top-column elementor-element elementor-element-1e0fe83\" data-id=\"1e0fe83\" data-element_type=\"column\" data-settings=\"{&quot;background_background&quot;:&quot;classic&quot;}\">\n\t\t\t<div class=\"elementor-column-wrap elementor-element-populated\">\n\t\t\t\t\t\t\t<div class=\"elementor-widget-wrap\">\n\t\t\t\t\t\t<div class=\"elementor-element elementor-element-2b42a9b elementor-widget elementor-widget-heading\" data-id=\"2b42a9b\" data-element_type=\"widget\" data-widget_type=\"heading.default\">\n\t\t\t\t<div class=\"elementor-widget-container\">\n\t\t\t<h3 class=\"elementor-heading-title elementor-size-default\">Aplica\u00e7\u00f5es e usos:\n<\/h3>\t\t<\/div>\n\t\t\t\t<\/div>\n\t\t\t\t<div class=\"elementor-element elementor-element-ee1792d elementor-widget elementor-widget-text-editor\" data-id=\"ee1792d\" data-element_type=\"widget\" data-widget_type=\"text-editor.default\">\n\t\t\t\t<div class=\"elementor-widget-container\">\n\t\t\t\t\t<div class=\"elementor-text-editor elementor-clearfix\"><p><strong>INDUSTRIAL:<\/strong><\/p><p>Use o Silicone Spray para desmoldagem de pl\u00e1sticos, borrachas, resinas ABS, metais, matrizes de corte, l\u00e2minas e serras.<\/p><p><strong>USO GERAL:<\/strong><\/p><p>Para desemperrar, lubrificar e proteger vitr\u00f4s, rod\u00edzios, utens\u00edlios dom\u00e9sticos, m\u00e1quinas de costura, brinquedos, etc.<\/p><\/div>\n\t\t\t\t<\/div>\n\t\t\t\t<\/div>\n\t\t\t\t<div class=\"elementor-element elementor-element-f972f6e elementor-widget elementor-widget-text-editor\" data-id=\"f972f6e\" data-element_type=\"widget\" data-widget_type=\"text-editor.default\">\n\t\t\t\t<div class=\"elementor-widget-container\">\n\t\t\t\t\t<div class=\"elementor-text-editor elementor-clearfix\"><ul><li><p><strong>Polimento<\/strong>\u00a0&#8211; m\u00f3veis, pain\u00e9is de metal, pl\u00e1sticos, madeira, fibras, etc. (aplicar uma camada fin\u00edssima e lustrar com flanela).<\/p><\/li><li><p><strong>Lubrifica\u00e7\u00e3o<\/strong>\u00a0&#8211; dobradi\u00e7as, trilhos, ferrolhos, portas, janelas, instrumentos, m\u00e1quinas de escrever, ventiladores, utens\u00edlios dom\u00e9sticos, (conserva\u00e7\u00e3o e elimina \u00e7\u00e3o de ru\u00eddos).<\/p><\/li><li><p><strong>Prote\u00e7\u00e3o anti-oxidante<\/strong>\u00a0&#8211; (contra ferrugem), para parte inferior das m\u00e1quinas de lavar, geladeiras, fog\u00f5es e tamb\u00e9m borrachas, churrasqueiras, brinquedos, patins, bicicletas, equipamentos de ca\u00e7a e pesca, camping, etc.<\/p><\/li><li><p><strong>Lava-carros, oficinas, clubes, hot\u00e9is, academias, etc. &#8211;<\/strong>\u00a0Limpa, lustra, evita ressecamento, d\u00e1 brilho em pl\u00e1sticos, pain\u00e9is, capotas de vinil, consoles, para-choques, frisos, borrachas e pe\u00e7as de pl\u00e1stico, couro e metal de autos, trailers, etc. Utilizado tamb\u00e9m na limpeza e lubrifica \u00e7\u00e3o de carburadores. Manuten\u00e7\u00e3o e lubrifica\u00e7\u00e3o excepcional e de longa dura \u00e7\u00e3o, das ferramentas dos equipamentos, aparelhos, fechaduras, trilhos, ferrolhos, dobradi\u00e7as, m\u00f3veis, pe\u00e7as e artigos de metal, pl\u00e1sticos, couro, fibra, madeira, protegendo contra a oxida\u00e7\u00e3o, maresia e est\u00e1tica. Deslizamento em esteiras ergom\u00e9tricas e equipamentos onde haja atrito metal x borracha, metal x pl\u00e1stico, pl\u00e1stico x pl\u00e1stico, pl\u00e1stico x borracha, borracha x borracha, etc.(protegendo e aumentando a vida \u00fatil do equipamento.<\/p><\/li><li><p><strong>Esteiras Ergom\u00e9tricas<\/strong>\u00a0&#8211; Lubrifique a parte inferior da lona com silicone spray a cada 5 horas de uso ou quando sentir queda no desempenho do equipamento. Para aplicar o produto, desligue a esteira. Em seguida suspenda as bordas laterais da lona, aplicando uma\u00a0<strong>fina<\/strong>\u00a0camada de silicone de maneira uniforme em\u00a0<strong>toda a \u00e1rea de contato<\/strong>\u00a0entre a lona e a plataforma. Conecte o tubo prolongador, posicione o Spray na vertical a uma dist\u00e2ncia de aproximadamente 15 cm., e aplique jatos intermitentes de at\u00e9 8 segundos de dura\u00e7\u00e3o.<\/p><\/li><li><p><strong>Precau\u00e7\u00f5es<\/strong><br \/>Produto inflam\u00e1vel, conte\u00fado sob press\u00e3o, n\u00e3o exponha o frasco ao calor e nunca fure-o mesmo quando vazio. Armazene o produto em lugar ventilado. Nunca coloque esta embalagem no fogo ou incinerador.<\/p><p>N\u00e3o utilizar em contatos el\u00e9tricos ou circuitos impressos, pois uma de suas propriedades \u00e9 ser isolante el\u00e9trico. Mantenha fora do alcance de crian\u00e7as e animais dom\u00e9sticos, evite a inala\u00e7\u00e3o e contato com os olhos e pele.<\/p><\/li><\/ul><\/div>\n\t\t\t\t<\/div>\n\t\t\t\t<\/div>\n\t\t\t\t\t\t<\/div>\n\t\t\t\t\t<\/div>\n\t\t<\/div>\n\t\t\t\t\t\t\t\t<\/div>\n\t\t\t\t\t<\/div>\n\t\t<\/section>\n\t\t\t\t<section class=\"elementor-section elementor-top-section elementor-element elementor-element-1f6f4ae elementor-section-boxed elementor-section-height-default elementor-section-height-default\" data-id=\"1f6f4ae\" data-element_type=\"section\" data-settings=\"{&quot;background_background&quot;:&quot;gradient&quot;,&quot;shape_divider_bottom&quot;:&quot;arrow&quot;,&quot;shape_divider_bottom_negative&quot;:&quot;yes&quot;}\">\n\t\t\t\t\t<div class=\"elementor-shape elementor-shape-bottom\" data-negative=\"true\">\n\t\t\t<svg xmlns=\"http:\/\/www.w3.org\/2000\/svg\" viewBox=\"0 0 700 10\" preserveAspectRatio=\"none\">\n\t<path class=\"elementor-shape-fill\" d=\"M360 0L350 9.9 340 0 0 0 0 10 700 10 700 0\"\/>\n<\/svg>\t\t<\/div>\n\t\t\t\t\t<div class=\"elementor-container elementor-column-gap-default\">\n\t\t\t\t\t\t\t<div class=\"elementor-row\">\n\t\t\t\t\t<div class=\"elementor-column elementor-col-100 elementor-top-column elementor-element elementor-element-5fa8b97\" data-id=\"5fa8b97\" data-element_type=\"column\">\n\t\t\t<div class=\"elementor-column-wrap elementor-element-populated\">\n\t\t\t\t\t\t\t<div class=\"elementor-widget-wrap\">\n\t\t\t\t\t\t<div class=\"elementor-element elementor-element-c7ea968 elementor-widget elementor-widget-heading\" data-id=\"c7ea968\" data-element_type=\"widget\" data-widget_type=\"heading.default\">\n\t\t\t\t<div class=\"elementor-widget-container\">\n\t\t\t<h2 class=\"elementor-heading-title elementor-size-default\">Garantia de Qualidade<\/h2>\t\t<\/div>\n\t\t\t\t<\/div>\n\t\t\t\t\t\t<\/div>\n\t\t\t\t\t<\/div>\n\t\t<\/div>\n\t\t\t\t\t\t\t\t<\/div>\n\t\t\t\t\t<\/div>\n\t\t<\/section>\n\t\t\t\t\t\t<\/div>\n\t\t\t\t\t\t<\/div>\n\t\t\t\t\t<\/div>\n\t\t","protected":false},"excerpt":{"rendered":"<p>Silicone Spray Composi\u00e7\u00e3o: Dimetilsiloxana, e propelente butano\/propano. Embalagens: Frasco com 440ml. 220 g. acondicionados em caixa com 12 unidades. Propriedades especiais: Desmoldante, lubrificante, prote\u00e7\u00e3o anti-oxidante. Nome comercial: Silicone Spray Assel. Meio Ambiente: PRODUTO INOFENSIVO A CAMADA DE OZ\u00d4NIO. N\u00c3O CONT\u00c9M CFC. As embalagens podem ser recicladas. Aplica\u00e7\u00f5es e usos: INDUSTRIAL:<\/p>\n","protected":false},"author":1,"featured_media":0,"parent":0,"menu_order":0,"comment_status":"closed","ping_status":"closed","template":"elementor_header_footer","meta":[],"_links":{"self":[{"href":"http:\/\/www.asselsilicones.com.br\/index.php?rest_route=\/wp\/v2\/pages\/758"}],"collection":[{"href":"http:\/\/www.asselsilicones.com.br\/index.php?rest_route=\/wp\/v2\/pages"}],"about":[{"href":"http:\/\/www.asselsilicones.com.br\/index.php?rest_route=\/wp\/v2\/types\/page"}],"author":[{"embeddable":true,"href":"http:\/\/www.asselsilicones.com.br\/index.php?rest_route=\/wp\/v2\/users\/1"}],"replies":[{"embeddable":true,"href":"http:\/\/www.asselsilicones.com.br\/index.php?rest_route=%2Fwp%2Fv2%2Fcomments&post=758"}],"version-history":[{"count":130,"href":"http:\/\/www.asselsilicones.com.br\/index.php?rest_route=\/wp\/v2\/pages\/758\/revisions"}],"predecessor-version":[{"id":1456,"href":"http:\/\/www.asselsilicones.com.br\/index.php?rest_route=\/wp\/v2\/pages\/758\/revisions\/1456"}],"wp:attachment":[{"href":"http:\/\/www.asselsilicones.com.br\/index.php?rest_route=%2Fwp%2Fv2%2Fmedia&parent=758"}],"curies":[{"name":"wp","href":"https:\/\/api.w.org\/{rel}","templated":true}]}}